{"id":15541,"date":"2026-01-16T16:28:27","date_gmt":"2026-01-16T15:28:27","guid":{"rendered":"https:\/\/www.greentradingxxl.com\/product\/uncategorized\/max-fan-ps-200-1220m3-2-speed\/"},"modified":"2026-03-03T18:35:20","modified_gmt":"2026-03-03T17:35:20","slug":"max-fan-ps-200-1220m3-2-speed","status":"publish","type":"product","link":"https:\/\/www.greentradingxxl.com\/nl\/product\/max-fan-ps-200-1220m3-2-speed\/","title":{"rendered":"Max-Fan PS 200\/1220m\u00b3 2-speed"},"content":{"rendered":"<p>De Max-Fan is een uniek product. Deze hoogwaardige, effici\u00ebnte buisventilator heeft 2 propellers, \u00e9\u00e9n welke draait en \u00e9\u00e9n welke vastzit. Door deze combinatie wordt er een uniforme airflow gecre\u00eberd in de vorm van een jetstraal. Dit in tegenstelling tot buisventilatoren die door \u00e9\u00e9n propeller worden aangedreven. De airflow komt er in soortgelijke apparaten als een spiraal uit, hetgeen minder effici\u00ebnt is. De uniforme airflow in de vorm van een jetstraal maakt weinig contact met de randen van de ducting waardoor er weinig drukverlies optreedt met een hogere effici\u00ebntie als gevolg. De Max-Fan Pro is nog stiller en effici\u00ebnter en heeft een ge\u00efntegreerde 2 standen schakelaar.<\/p>\n<h3>Technische gegevens:<\/h3>\n<p>\u2022 Capaciteit 1218m3\/h<br \/>\u2022 Flensmaat \u00d8 200 mm<br \/>\u2022 Amp\u00e8re: 0,6<br \/>\u2022 Watt: 117<br \/>\u2022 Gewicht: 4 kg<br \/>\u2022 Materiaal: Aluminium<br \/>\u2022 Statische druk: 225 Pa<br \/>\u2022 Omwentelingen: 2741 toeren \/ min<\/p>\n","protected":false},"excerpt":{"rendered":"<p>Deze hoogwaardige, effici\u00ebnte buisventilator heeft 2 propellers, \u00e9\u00e9n welke draait en \u00e9\u00e9n welke vastzit.<\/p>\n","protected":false},"featured_media":23365,"comment_status":"closed","ping_status":"open","template":"","meta":{"_acf_changed":false},"product_brand":[99],"product_cat":[836,851,946],"product_tag":[],"product_supplier":[],"class_list":{"0":"post-15541","1":"product","2":"type-product","3":"status-publish","4":"has-post-thumbnail","6":"product_brand-can-fan","7":"product_cat-luchtbehandeling","8":"product_cat-buisventilatoren","9":"product_cat-max-fan","11":"first","12":"instock","13":"taxable","14":"shipping-taxable","15":"purchasable","16":"product-type-simple"},"acf":[],"df_price":121,"df_sale_price":"","df_regular_price":121,"df_image_link":"https:\/\/www.greentradingxxl.com\/wp-content\/uploads\/2026\/01\/51icpviuzil-300x275.jpg","_links":{"self":[{"href":"https:\/\/www.greentradingxxl.com\/nl\/wp-json\/wp\/v2\/product\/15541","targetHints":{"allow":["GET"]}}],"collection":[{"href":"https:\/\/www.greentradingxxl.com\/nl\/wp-json\/wp\/v2\/product"}],"about":[{"href":"https:\/\/www.greentradingxxl.com\/nl\/wp-json\/wp\/v2\/types\/product"}],"replies":[{"embeddable":true,"href":"https:\/\/www.greentradingxxl.com\/nl\/wp-json\/wp\/v2\/comments?post=15541"}],"wp:featuredmedia":[{"embeddable":true,"href":"https:\/\/www.greentradingxxl.com\/nl\/wp-json\/wp\/v2\/media\/23365"}],"wp:attachment":[{"href":"https:\/\/www.greentradingxxl.com\/nl\/wp-json\/wp\/v2\/media?parent=15541"}],"wp:term":[{"taxonomy":"product_brand","embeddable":true,"href":"https:\/\/www.greentradingxxl.com\/nl\/wp-json\/wp\/v2\/product_brand?post=15541"},{"taxonomy":"product_cat","embeddable":true,"href":"https:\/\/www.greentradingxxl.com\/nl\/wp-json\/wp\/v2\/product_cat?post=15541"},{"taxonomy":"product_tag","embeddable":true,"href":"https:\/\/www.greentradingxxl.com\/nl\/wp-json\/wp\/v2\/product_tag?post=15541"},{"taxonomy":"product_supplier","embeddable":true,"href":"https:\/\/www.greentradingxxl.com\/nl\/wp-json\/wp\/v2\/product_supplier?post=15541"}],"curies":[{"name":"wp","href":"https:\/\/api.w.org\/{rel}","templated":true}]}}