{"id":15544,"date":"2026-01-16T16:28:27","date_gmt":"2026-01-16T15:28:27","guid":{"rendered":"https:\/\/www.greentradingxxl.com\/product\/uncategorized\/max-fan-ps-250-1660m3-2-speed\/"},"modified":"2026-04-01T10:13:11","modified_gmt":"2026-04-01T08:13:11","slug":"max-fan-ps-250-1660m3-2-speed","status":"publish","type":"product","link":"https:\/\/www.greentradingxxl.com\/nl\/product\/max-fan-ps-250-1660m3-2-speed\/","title":{"rendered":"Max-Fan PS 250\/1660m\u00b3 2-speed"},"content":{"rendered":"<p>De Max-Fan is een uniek product. Deze hoogwaardige, effici&euml;nte buisventilator heeft 2 propellers, &eacute;&eacute;n welke draait en &eacute;&eacute;n welke vastzit. Door deze combinatie wordt er een uniforme airflow gecre&euml;erd in de vorm van een jetstraal. Dit in tegenstelling tot buisventilatoren die door &eacute;&eacute;n propeller worden aangedreven. De airflow komt er in soortgelijke apparaten als een spiraal uit, hetgeen minder effici&euml;nt is. De uniforme airflow in de vorm van een jetstraal maakt weinig contact met de randen van de ducting waardoor er weinig drukverlies optreedt met een hogere effici&euml;ntie als gevolg. De Max-Fan Pro is nog stiller en effici&euml;nter en heeft een ge&iuml;ntegreerde 2 standen schakelaar.<\/p>\n<h3>Technische gegevens:<\/h3>\n<p>&bull; Capaciteit 1660m3\/h<br \/>&bull; Flensmaat &Oslash; 250mm<br \/>&bull; Amp&egrave;re: 0,8<br \/>&bull; Watt: 170<br \/>&bull; Gewicht: 5,7 kg<br \/>&bull; Materiaal: Aluminium<br \/>&bull; Statische druk: 280 Pa<br \/>&bull; Omwentelingen: 2816 toeren \/ min<\/p>\n","protected":false},"excerpt":{"rendered":"<p>Deze hoogwaardige, effici\u00ebnte buisventilator heeft 2 propellers, \u00e9\u00e9n welke draait en \u00e9\u00e9n welke vastzit.<\/p>\n","protected":false},"featured_media":23366,"comment_status":"closed","ping_status":"open","template":"","meta":{"_acf_changed":false},"product_brand":[99],"product_cat":[836,851,946],"product_tag":[],"product_supplier":[],"class_list":{"0":"post-15544","1":"product","2":"type-product","3":"status-publish","4":"has-post-thumbnail","6":"product_brand-can-fan","7":"product_cat-luchtbehandeling","8":"product_cat-buisventilatoren","9":"product_cat-max-fan","11":"first","12":"instock","13":"taxable","14":"shipping-taxable","15":"purchasable","16":"product-type-simple"},"acf":[],"df_price":199,"df_sale_price":"","df_regular_price":199,"df_image_link":"https:\/\/www.greentradingxxl.com\/wp-content\/uploads\/2026\/01\/51icpviuzil-1-300x275.jpg","_links":{"self":[{"href":"https:\/\/www.greentradingxxl.com\/nl\/wp-json\/wp\/v2\/product\/15544","targetHints":{"allow":["GET"]}}],"collection":[{"href":"https:\/\/www.greentradingxxl.com\/nl\/wp-json\/wp\/v2\/product"}],"about":[{"href":"https:\/\/www.greentradingxxl.com\/nl\/wp-json\/wp\/v2\/types\/product"}],"replies":[{"embeddable":true,"href":"https:\/\/www.greentradingxxl.com\/nl\/wp-json\/wp\/v2\/comments?post=15544"}],"wp:featuredmedia":[{"embeddable":true,"href":"https:\/\/www.greentradingxxl.com\/nl\/wp-json\/wp\/v2\/media\/23366"}],"wp:attachment":[{"href":"https:\/\/www.greentradingxxl.com\/nl\/wp-json\/wp\/v2\/media?parent=15544"}],"wp:term":[{"taxonomy":"product_brand","embeddable":true,"href":"https:\/\/www.greentradingxxl.com\/nl\/wp-json\/wp\/v2\/product_brand?post=15544"},{"taxonomy":"product_cat","embeddable":true,"href":"https:\/\/www.greentradingxxl.com\/nl\/wp-json\/wp\/v2\/product_cat?post=15544"},{"taxonomy":"product_tag","embeddable":true,"href":"https:\/\/www.greentradingxxl.com\/nl\/wp-json\/wp\/v2\/product_tag?post=15544"},{"taxonomy":"product_supplier","embeddable":true,"href":"https:\/\/www.greentradingxxl.com\/nl\/wp-json\/wp\/v2\/product_supplier?post=15544"}],"curies":[{"name":"wp","href":"https:\/\/api.w.org\/{rel}","templated":true}]}}