{"id":16842,"date":"2026-01-16T16:39:18","date_gmt":"2026-01-16T15:39:18","guid":{"rendered":"https:\/\/www.greentradingxxl.com\/product\/uncategorized\/bcuzz-aardevoeding-1-component-5-ltr\/"},"modified":"2026-03-25T15:23:26","modified_gmt":"2026-03-25T14:23:26","slug":"bcuzz-aardevoeding-1-component-5-ltr","status":"publish","type":"product","link":"https:\/\/www.greentradingxxl.com\/nl\/product\/bcuzz-aardevoeding-1-component-5-ltr\/","title":{"rendered":"Atami B&#8217;cuzz Aardevoeding 1 component 5 ltr"},"content":{"rendered":"<h2 data-start=\"253\" data-end=\"332\"><strong data-start=\"253\" data-end=\"330\">Atami B\u2019cuzz Aardevoeding 1 Component 5 ltr \u2013 Complete voeding voor aarde<\/strong><\/h2>\n<p data-start=\"334\" data-end=\"606\">De <strong data-start=\"337\" data-end=\"386\">Atami B\u2019cuzz Aardevoeding 1 Component 5 liter<\/strong> is een complete basisvoeding die speciaal ontwikkeld is voor de teelt op aarde. Dit 1-component systeem maakt kweken eenvoudig en betrouwbaar, omdat alle essenti\u00eble macro- en micronutri\u00ebnten in \u00e9\u00e9n fles aanwezig zijn.<\/p>\n<p data-start=\"608\" data-end=\"865\">Dankzij de uitgebalanceerde samenstelling is de voeding geschikt voor zowel de groeifase als de bloeifase. B\u2019cuzz Aardevoeding 1 Component is volledig wateroplosbaar en wordt snel door de plant opgenomen. Ideaal voor kwekers die gemak en zekerheid willen.<\/p>\n<h2 data-start=\"867\" data-end=\"895\">Toepassing en dosering<\/h2>\n<ul data-start=\"896\" data-end=\"1087\">\n<li data-start=\"896\" data-end=\"927\">\n<p data-start=\"898\" data-end=\"927\">Goed schudden voor gebruik.<\/p>\n<\/li>\n<li data-start=\"928\" data-end=\"973\">\n<p data-start=\"930\" data-end=\"973\"><strong data-start=\"930\" data-end=\"943\">Dosering:<\/strong> 2,5 \u2013 5 ml per liter water.<\/p>\n<\/li>\n<li data-start=\"974\" data-end=\"1014\">\n<p data-start=\"976\" data-end=\"1014\">Geschikt voor zowel groei als bloei.<\/p>\n<\/li>\n<li data-start=\"1015\" data-end=\"1087\">\n<p data-start=\"1017\" data-end=\"1087\">Combineer met B\u2019cuzz boosters en additieven voor maximale opbrengst.<\/p>\n<\/li>\n<\/ul>\n<h2 data-start=\"1089\" data-end=\"1118\">Belangrijkste kenmerken<\/h2>\n<ul data-start=\"1119\" data-end=\"1290\">\n<li data-start=\"1119\" data-end=\"1138\">\n<p data-start=\"1121\" data-end=\"1138\">Inhoud: 5 liter<\/p>\n<\/li>\n<li data-start=\"1139\" data-end=\"1178\">\n<p data-start=\"1141\" data-end=\"1178\">1-component basisvoeding voor aarde<\/p>\n<\/li>\n<li data-start=\"1179\" data-end=\"1214\">\n<p data-start=\"1181\" data-end=\"1214\">Compleet pakket voedingsstoffen<\/p>\n<\/li>\n<li data-start=\"1215\" data-end=\"1248\">\n<p data-start=\"1217\" data-end=\"1248\">Geschikt voor alle teeltfasen<\/p>\n<\/li>\n<li data-start=\"1249\" data-end=\"1290\">\n<p data-start=\"1251\" data-end=\"1290\">Wateroplosbaar en gebruiksvriendelijk<\/p>\n<\/li>\n<\/ul>\n<h2 data-start=\"1292\" data-end=\"1307\">Voordelen<\/h2>\n<ul data-start=\"1308\" data-end=\"1493\">\n<li data-start=\"1308\" data-end=\"1347\">\n<p data-start=\"1310\" data-end=\"1347\">Eenvoudig in gebruik: \u00e9\u00e9n component<\/p>\n<\/li>\n<li data-start=\"1348\" data-end=\"1399\">\n<p data-start=\"1350\" data-end=\"1399\">Voorkomt tekorten en ondersteunt vitale planten<\/p>\n<\/li>\n<li data-start=\"1400\" data-end=\"1445\">\n<p data-start=\"1402\" data-end=\"1445\">Betrouwbare voeding voor hoge opbrengsten<\/p>\n<\/li>\n<li data-start=\"1446\" data-end=\"1493\">\n<p data-start=\"1448\" data-end=\"1493\">Zowel voor hobby- als professionele kwekers<\/p>\n<\/li>\n<\/ul>\n","protected":false},"excerpt":{"rendered":"<p>Atami B\u2019cuzz Aardevoeding 1 Component 5 ltr is een complete basisvoeding voor aarde. Eenvoudig in gebruik, geschikt voor groei en bloei en zorgt voor vitale planten.<\/p>\n","protected":false},"featured_media":23832,"comment_status":"closed","ping_status":"open","template":"","meta":{"_acf_changed":false},"product_brand":[79],"product_cat":[879,843],"product_tag":[],"product_supplier":[1273,1438],"class_list":{"0":"post-16842","1":"product","2":"type-product","3":"status-publish","4":"has-post-thumbnail","6":"product_brand-atami","7":"product_cat-atami","8":"product_cat-voeding","10":"first","11":"instock","12":"taxable","13":"shipping-taxable","14":"purchasable","15":"product-type-simple"},"acf":[],"df_price":36,"df_sale_price":"","df_regular_price":36,"df_image_link":"https:\/\/www.greentradingxxl.com\/wp-content\/uploads\/2026\/01\/bcuzz-1-component-5l-254x300.jpg","_links":{"self":[{"href":"https:\/\/www.greentradingxxl.com\/nl\/wp-json\/wp\/v2\/product\/16842","targetHints":{"allow":["GET"]}}],"collection":[{"href":"https:\/\/www.greentradingxxl.com\/nl\/wp-json\/wp\/v2\/product"}],"about":[{"href":"https:\/\/www.greentradingxxl.com\/nl\/wp-json\/wp\/v2\/types\/product"}],"replies":[{"embeddable":true,"href":"https:\/\/www.greentradingxxl.com\/nl\/wp-json\/wp\/v2\/comments?post=16842"}],"wp:featuredmedia":[{"embeddable":true,"href":"https:\/\/www.greentradingxxl.com\/nl\/wp-json\/wp\/v2\/media\/23832"}],"wp:attachment":[{"href":"https:\/\/www.greentradingxxl.com\/nl\/wp-json\/wp\/v2\/media?parent=16842"}],"wp:term":[{"taxonomy":"product_brand","embeddable":true,"href":"https:\/\/www.greentradingxxl.com\/nl\/wp-json\/wp\/v2\/product_brand?post=16842"},{"taxonomy":"product_cat","embeddable":true,"href":"https:\/\/www.greentradingxxl.com\/nl\/wp-json\/wp\/v2\/product_cat?post=16842"},{"taxonomy":"product_tag","embeddable":true,"href":"https:\/\/www.greentradingxxl.com\/nl\/wp-json\/wp\/v2\/product_tag?post=16842"},{"taxonomy":"product_supplier","embeddable":true,"href":"https:\/\/www.greentradingxxl.com\/nl\/wp-json\/wp\/v2\/product_supplier?post=16842"}],"curies":[{"name":"wp","href":"https:\/\/api.w.org\/{rel}","templated":true}]}}