{"id":17837,"date":"2026-01-16T16:49:16","date_gmt":"2026-01-16T15:49:16","guid":{"rendered":"https:\/\/www.greentradingxxl.com\/product\/uncategorized\/plagron-top-growbox-100-terra\/"},"modified":"2026-03-14T11:11:37","modified_gmt":"2026-03-14T10:11:37","slug":"plagron-top-growbox-100-terra","status":"publish","type":"product","link":"https:\/\/www.greentradingxxl.com\/nl\/product\/plagron-top-growbox-100-terra\/","title":{"rendered":"Plagron Top-Growbox 100% Terra Starterset"},"content":{"rendered":"<h2><strong>Plagron Top Grow Box 100% TERRA &#8211; Aarde starterskit<\/strong><\/h2>\n<p>De Plagron Top Grow Box 100% TERRA is de ideale set voor kweken op aarde als je flexibel wilt zijn. Dankzij de direct opneembare basisvoedingen Terra Grow en Terra Bloom kun je te allen tijde reageren op de behoeftes van je plant. Alle 100% TERRA producten van Plagron bieden je veel flexibiliteit zodat je naar eigen inzicht kunt kweken. De inhoud van \u00e9\u00e9n Top Grow Box is voldoende voor \u00e9\u00e9n vierkante meter planten.<\/p>\n<h2>Voordelen Plagron Starterskit<\/h2>\n<ul>\n<li>Alles wat je nodig\u00a0 hebt om te kweken op 1m2<\/li>\n<li>Ideaal voor kleine kweektenten<\/li>\n<li>Elke Plagron Top Grow Box bevat de unieke booster Green Sensation<\/li>\n<li>Inclusief gratis Plagron maatbeker en aansteker<\/li>\n<\/ul>\n<h2>Inhoud:<\/h2>\n<ul>\n<li>1x Terra Grow 100 ml<\/li>\n<li>1x Terra Bloom 1 L<\/li>\n<li>1x Power Roots 100 ml<\/li>\n<li>1x Pure Zym 100 ml<\/li>\n<li>1x Green Sensation 100 ml<\/li>\n<\/ul>\n","protected":false},"excerpt":{"rendered":"<p>De Plagron Top Grow Box 100% TERRA is de ideale starterkit voor het kweken op ongeveer 1m2 aarde. Veel gebruikt bij kleine kweektenten.<\/p>\n","protected":false},"featured_media":24208,"comment_status":"closed","ping_status":"open","template":"","meta":{"_acf_changed":false},"product_brand":[86],"product_cat":[881,843],"product_tag":[246],"product_supplier":[1280],"class_list":{"0":"post-17837","1":"product","2":"type-product","3":"status-publish","4":"has-post-thumbnail","6":"product_brand-plagron","7":"product_cat-startersets","8":"product_cat-voeding","9":"product_tag-plagron-voeding","11":"first","12":"instock","13":"taxable","14":"shipping-taxable","15":"purchasable","16":"product-type-simple"},"acf":[],"df_price":45,"df_sale_price":"","df_regular_price":45,"df_image_link":"https:\/\/www.greentradingxxl.com\/wp-content\/uploads\/2026\/01\/top-grow-box-terra-300x300.jpg","_links":{"self":[{"href":"https:\/\/www.greentradingxxl.com\/nl\/wp-json\/wp\/v2\/product\/17837","targetHints":{"allow":["GET"]}}],"collection":[{"href":"https:\/\/www.greentradingxxl.com\/nl\/wp-json\/wp\/v2\/product"}],"about":[{"href":"https:\/\/www.greentradingxxl.com\/nl\/wp-json\/wp\/v2\/types\/product"}],"replies":[{"embeddable":true,"href":"https:\/\/www.greentradingxxl.com\/nl\/wp-json\/wp\/v2\/comments?post=17837"}],"wp:featuredmedia":[{"embeddable":true,"href":"https:\/\/www.greentradingxxl.com\/nl\/wp-json\/wp\/v2\/media\/24208"}],"wp:attachment":[{"href":"https:\/\/www.greentradingxxl.com\/nl\/wp-json\/wp\/v2\/media?parent=17837"}],"wp:term":[{"taxonomy":"product_brand","embeddable":true,"href":"https:\/\/www.greentradingxxl.com\/nl\/wp-json\/wp\/v2\/product_brand?post=17837"},{"taxonomy":"product_cat","embeddable":true,"href":"https:\/\/www.greentradingxxl.com\/nl\/wp-json\/wp\/v2\/product_cat?post=17837"},{"taxonomy":"product_tag","embeddable":true,"href":"https:\/\/www.greentradingxxl.com\/nl\/wp-json\/wp\/v2\/product_tag?post=17837"},{"taxonomy":"product_supplier","embeddable":true,"href":"https:\/\/www.greentradingxxl.com\/nl\/wp-json\/wp\/v2\/product_supplier?post=17837"}],"curies":[{"name":"wp","href":"https:\/\/api.w.org\/{rel}","templated":true}]}}