{"id":17840,"date":"2026-01-16T16:49:16","date_gmt":"2026-01-16T15:49:16","guid":{"rendered":"https:\/\/www.greentradingxxl.com\/product\/uncategorized\/plagron-top-growbox-100-natural\/"},"modified":"2026-03-14T10:58:41","modified_gmt":"2026-03-14T09:58:41","slug":"plagron-top-growbox-100-natural","status":"publish","type":"product","link":"https:\/\/www.greentradingxxl.com\/nl\/product\/plagron-top-growbox-100-natural\/","title":{"rendered":"Plagron Top-Growbox 100% Natural Starterset"},"content":{"rendered":"<h2><strong>Plagron Top Grow Box 100% NATURAL &#8211; Biologische starterskit<\/strong><\/h2>\n<p>De Plagron Top Grow Box 100% NATURAL is de ideale set als geur, smaak en kwaliteit belangrijk voor je zijn. De biologische basisvoedingen Alga Grow en Alga Bloom stimuleren de groei en bloei van de plant en verbeteren de bodemstructuur. Alle 100% NATURAL producten van Plagron zorgen voor de beste geur en smaak. De inhoud van \u00e9\u00e9n Top Grow Box is voldoende voor \u00e9\u00e9n vierkante meter planten.<\/p>\n<h2>Voordelen<\/h2>\n<ul>\n<li>Alles wat je nodig hebt om te kweken op 1m2<\/li>\n<li>Ideaal voor kleine kweektenten!<\/li>\n<li>Inclusief de unieke booster Plagron Green Sensation<\/li>\n<li>Inclusief gratis Plagron maatbeker en aansteker\u00a0<\/li>\n<\/ul>\n<h2>Inhoud Plagron BIO starterskit<\/h2>\n<ul>\n<li>1x Alga Grow 100 ml<\/li>\n<li>1x Alga Bloom 1 L<\/li>\n<li>1x Power Roots 100 ml<\/li>\n<li>1x Vita Race 100 ml<\/li>\n<li>1x Green Sensation 100 ml<\/li>\n<\/ul>\n","protected":false},"excerpt":{"rendered":"<p>De Plagron Top Grow Box 100% natural is de ideale starterset als geur, smaak en kwaliteit van het gewas belangrijk voor je zijn.<\/p>\n","protected":false},"featured_media":24209,"comment_status":"closed","ping_status":"open","template":"","meta":{"_acf_changed":false},"product_brand":[86],"product_cat":[881,843],"product_tag":[246],"product_supplier":[1280],"class_list":{"0":"post-17840","1":"product","2":"type-product","3":"status-publish","4":"has-post-thumbnail","6":"product_brand-plagron","7":"product_cat-startersets","8":"product_cat-voeding","9":"product_tag-plagron-voeding","11":"first","12":"instock","13":"taxable","14":"shipping-taxable","15":"purchasable","16":"product-type-simple"},"acf":[],"df_price":47.95,"df_sale_price":"","df_regular_price":47.95,"df_image_link":"https:\/\/www.greentradingxxl.com\/wp-content\/uploads\/2026\/01\/top-grow-box-natural-300x300.jpg","_links":{"self":[{"href":"https:\/\/www.greentradingxxl.com\/nl\/wp-json\/wp\/v2\/product\/17840","targetHints":{"allow":["GET"]}}],"collection":[{"href":"https:\/\/www.greentradingxxl.com\/nl\/wp-json\/wp\/v2\/product"}],"about":[{"href":"https:\/\/www.greentradingxxl.com\/nl\/wp-json\/wp\/v2\/types\/product"}],"replies":[{"embeddable":true,"href":"https:\/\/www.greentradingxxl.com\/nl\/wp-json\/wp\/v2\/comments?post=17840"}],"wp:featuredmedia":[{"embeddable":true,"href":"https:\/\/www.greentradingxxl.com\/nl\/wp-json\/wp\/v2\/media\/24209"}],"wp:attachment":[{"href":"https:\/\/www.greentradingxxl.com\/nl\/wp-json\/wp\/v2\/media?parent=17840"}],"wp:term":[{"taxonomy":"product_brand","embeddable":true,"href":"https:\/\/www.greentradingxxl.com\/nl\/wp-json\/wp\/v2\/product_brand?post=17840"},{"taxonomy":"product_cat","embeddable":true,"href":"https:\/\/www.greentradingxxl.com\/nl\/wp-json\/wp\/v2\/product_cat?post=17840"},{"taxonomy":"product_tag","embeddable":true,"href":"https:\/\/www.greentradingxxl.com\/nl\/wp-json\/wp\/v2\/product_tag?post=17840"},{"taxonomy":"product_supplier","embeddable":true,"href":"https:\/\/www.greentradingxxl.com\/nl\/wp-json\/wp\/v2\/product_supplier?post=17840"}],"curies":[{"name":"wp","href":"https:\/\/api.w.org\/{rel}","templated":true}]}}