{"id":20798,"date":"2026-01-16T17:12:39","date_gmt":"2026-01-16T16:12:39","guid":{"rendered":"https:\/\/www.greentradingxxl.com\/product\/uncategorized\/advanced-nutrients-organic-grow-your-own-kit\/"},"modified":"2026-03-27T20:11:32","modified_gmt":"2026-03-27T19:11:32","slug":"advanced-nutrients-organic-grow-your-own-kit","status":"publish","type":"product","link":"https:\/\/www.greentradingxxl.com\/nl\/product\/advanced-nutrients-organic-grow-your-own-kit\/","title":{"rendered":"Advanced Nutrients Organic Grow Your Own Kit"},"content":{"rendered":"<h2><strong>Advanced Nutrients Organic Grow Your Own Kit<\/strong><\/h2>\n<p>De <strong>Advanced Nutrients Organic Grow Your Own Kit<\/strong> biedt een complete en innovatieve oplossing voor organische kwekers. Met meer dan 25 hoogwaardige organische ingredi\u00ebnten en een unieke technologie voor natuurlijke chelatie, verzekert dit kit optimale voedingsopname voor je planten, net zo effici\u00ebnt als minerale producten. Dit zonder in te leveren op de kwaliteit van je organische teelt.<\/p>\n<h2>Wat zit er in het Organic Grow Your Own Kit?<\/h2>\n<ul>\n<li>\n<p><strong>OG Organics\u2122 Iguana Juice\u00ae Grow (250 ml)<\/strong><br \/>Deze organische groeivoeding bevat een unieke mix van zoetwatervisprote\u00efne en soja-eiwithydrolysaat, rijk aan essenti\u00eble macronutri\u00ebnten, micronutri\u00ebnten, vitamines en aminozuren. Het stimuleert een krachtige vegetatieve groei.<\/p>\n<\/li>\n<li>\n<p><strong>OG Organics\u2122 Iguana Juice\u00ae Bloom (1 liter)<\/strong><br \/>Speciaal geformuleerd voor de bloeifase, deze voeding biedt je planten alles wat ze nodig hebben voor een gezonde, rijke bloei.<\/p>\n<\/li>\n<li>\n<p><strong>OG Organics\u2122 Big Bud\u00ae (500 ml)<\/strong><br \/>Het biologische alternatief voor de bestverkochte bloeiversterker ter wereld. Deze premium formule, met visprote\u00efnehydrolysaat en uitgebalanceerde niveaus van fosfor en kalium, bevordert overvloedige bloei. Verrijkt met calcium-lignosulfonaat, ijzer-aminozuurcomplex, magnesium en zwavel, biedt het een compleet spectrum aan micronutri\u00ebnten.<\/p>\n<\/li>\n<li>\n<p><strong>Voodoo Juice\u00ae Plus Tabletten (10 x 0,125 g)<\/strong><br \/>Deze microbi\u00eble tabletten zijn revolutionair voor de wortelontwikkeling. Ze stimuleren de uitbreiding van wortelsystemen, verhogen de opname van voedingsstoffen en verbeteren de beschikbaarheid van vastzittende nutri\u00ebnten. De tabletten bevorderen ook de productie van essenti\u00eble oli\u00ebn en verhogen het algemene rendement.<\/p>\n<\/li>\n<\/ul>\n<h2>Waarom kiezen voor dit kit?<\/h2>\n<ul>\n<li>Optimale voedingsopname dankzij natuurlijke chelatie.<\/li>\n<li>Meer dan 25 hoogwaardige organische ingredi\u00ebnten.<\/li>\n<li>Ondersteunt gezonde groei en bloei van planten.<\/li>\n<li>Ideaal voor kwekers die topkwaliteit organische resultaten nastreven.<\/li>\n<\/ul>\n<p>Transformeer je kweekproces en bereik uitzonderlijke resultaten met de <strong>Advanced Nutrients Organic Grow Your Own Kit<\/strong>!<\/p>\n","protected":false},"excerpt":{"rendered":"<p>Advanced Nutrients Organic Grow Your Own Kit: complete organische voeding met 25+ ingredi\u00ebnten, waaronder Iguana Juice Grow &#038; Bloom, Big Bud en Voodoo Juice-tabletten. Perfect voor gezonde groei en rijke bloei.<\/p>\n","protected":false},"featured_media":20799,"comment_status":"closed","ping_status":"open","template":"","meta":{"_acf_changed":false},"product_brand":[77],"product_cat":[937,843],"product_tag":[],"product_supplier":[1276,1434],"class_list":{"0":"post-20798","1":"product","2":"type-product","3":"status-publish","4":"has-post-thumbnail","6":"product_brand-advanced-nutrients","7":"product_cat-advanced-nutrients","8":"product_cat-voeding","10":"first","11":"instock","12":"sale","13":"taxable","14":"shipping-taxable","15":"purchasable","16":"product-type-simple"},"acf":[],"df_price":49,"df_sale_price":49,"df_regular_price":59,"df_image_link":"https:\/\/www.greentradingxxl.com\/wp-content\/uploads\/2026\/01\/advanced-nutrients-organic-grow-your-own-kit-300x188.png","_links":{"self":[{"href":"https:\/\/www.greentradingxxl.com\/nl\/wp-json\/wp\/v2\/product\/20798","targetHints":{"allow":["GET"]}}],"collection":[{"href":"https:\/\/www.greentradingxxl.com\/nl\/wp-json\/wp\/v2\/product"}],"about":[{"href":"https:\/\/www.greentradingxxl.com\/nl\/wp-json\/wp\/v2\/types\/product"}],"replies":[{"embeddable":true,"href":"https:\/\/www.greentradingxxl.com\/nl\/wp-json\/wp\/v2\/comments?post=20798"}],"wp:featuredmedia":[{"embeddable":true,"href":"https:\/\/www.greentradingxxl.com\/nl\/wp-json\/wp\/v2\/media\/20799"}],"wp:attachment":[{"href":"https:\/\/www.greentradingxxl.com\/nl\/wp-json\/wp\/v2\/media?parent=20798"}],"wp:term":[{"taxonomy":"product_brand","embeddable":true,"href":"https:\/\/www.greentradingxxl.com\/nl\/wp-json\/wp\/v2\/product_brand?post=20798"},{"taxonomy":"product_cat","embeddable":true,"href":"https:\/\/www.greentradingxxl.com\/nl\/wp-json\/wp\/v2\/product_cat?post=20798"},{"taxonomy":"product_tag","embeddable":true,"href":"https:\/\/www.greentradingxxl.com\/nl\/wp-json\/wp\/v2\/product_tag?post=20798"},{"taxonomy":"product_supplier","embeddable":true,"href":"https:\/\/www.greentradingxxl.com\/nl\/wp-json\/wp\/v2\/product_supplier?post=20798"}],"curies":[{"name":"wp","href":"https:\/\/api.w.org\/{rel}","templated":true}]}}