{"id":21253,"date":"2026-01-16T17:14:38","date_gmt":"2026-01-16T16:14:38","guid":{"rendered":"https:\/\/www.greentradingxxl.com\/product\/uncategorized\/ralight-led-1000w-8-bars-120x120cm\/"},"modified":"2026-04-10T20:15:54","modified_gmt":"2026-04-10T18:15:54","slug":"ralight-led-1000w-8-bars-120x120cm","status":"publish","type":"product","link":"https:\/\/www.greentradingxxl.com\/nl\/product\/ralight-led-1000w-8-bars-120x120cm\/","title":{"rendered":"Ralight LED 1000W 8 bars 120X120cm"},"content":{"rendered":"<h2 data-start=\"225\" data-end=\"702\"><strong>Ralight LED Kweeklamp 1000W 8 bars 120X120cm<\/strong><\/h2>\n<p data-start=\"225\" data-end=\"702\">De <strong data-start=\"228\" data-end=\"279\">Ralight 1000W Full Balanced Spectrum Grow Light<\/strong> is een absolute topkeuze voor kwekers die streven naar topprestaties, duurzaamheid en een uitstekende prijs-kwaliteitverhouding. Deze krachtige kweeklamp beschikt over een innovatief lichtspectrum dat is ontworpen om opbrengst en kwaliteit te maximaliseren. Dankzij geavanceerde technologie en een zorgvuldig ontwikkeld ontwerp biedt deze lamp optimale verlichting in elke fase van de plantengroei \u2013 van kieming tot oogst.<\/p>\n<h2 data-start=\"709\" data-end=\"740\">Belangrijkste kenmerken<\/h2>\n<ul data-start=\"742\" data-end=\"1812\">\n<li data-start=\"742\" data-end=\"977\">\n<p data-start=\"744\" data-end=\"977\"><strong data-start=\"744\" data-end=\"785\">Uitstekende prijs-kwaliteitverhouding<\/strong><br data-start=\"785\" data-end=\"788\" \/>De Ralight 1000W levert high-end prestaties tegen een toegankelijke prijs. Ideaal voor professionele kwekers en serieuze hobbyisten die premium resultaten willen zonder een premium prijs.<\/p>\n<\/li>\n<li data-start=\"979\" data-end=\"1187\">\n<p data-start=\"981\" data-end=\"1187\"><strong data-start=\"981\" data-end=\"1020\">Maximale opbrengst met topkwaliteit<\/strong><br data-start=\"1020\" data-end=\"1023\" \/>Het gebalanceerde volledige spectrum ondersteunt krachtige groei en bloei, wat leidt tot grotere oogsten en een verbeterde smaak en kwaliteit van het eindproduct.<\/p>\n<\/li>\n<li data-start=\"1189\" data-end=\"1344\">\n<p data-start=\"1191\" data-end=\"1344\"><strong data-start=\"1191\" data-end=\"1228\">Flexibele en nauwkeurige controle<\/strong><br data-start=\"1228\" data-end=\"1231\" \/>Pas eenvoudig de lichtintensiteit aan de behoeften van je planten aan met dimstanden van 25%, 50%, 75% en 100%.<\/p>\n<\/li>\n<li data-start=\"1346\" data-end=\"1566\">\n<p data-start=\"1348\" data-end=\"1566\"><strong data-start=\"1348\" data-end=\"1379\">Gelijkmatige lichtverdeling<\/strong><br data-start=\"1379\" data-end=\"1382\" \/>Het lineaire ontwerp met 8 LED-balken zorgt voor consistente lichtdekking, zelfs dicht op het bladerdek. Perfect voor meerlagensystemen, kassen en ruimtes met een lage plafondhoogte.<\/p>\n<\/li>\n<li data-start=\"1568\" data-end=\"1812\">\n<p data-start=\"1570\" data-end=\"1812\"><strong data-start=\"1570\" data-end=\"1618\">Energiezuinig en gebouwd om lang mee te gaan<\/strong><br data-start=\"1618\" data-end=\"1621\" \/>Met een effici\u00ebntie van 2,7 \u03bcmol\/J verlaagt dit armatuur het stroomverbruik aanzienlijk. De solide constructie en hoogwaardige componenten garanderen een levensduur van meer dan 50.000 uur.<\/p>\n<\/li>\n<\/ul>\n<h2 data-start=\"1819\" data-end=\"1851\">Technische specificaties<\/h2>\n<ul data-start=\"1853\" data-end=\"2313\">\n<li data-start=\"1853\" data-end=\"1876\">\n<p data-start=\"1855\" data-end=\"1876\"><strong data-start=\"1855\" data-end=\"1868\">Vermogen:<\/strong> 1000W<\/p>\n<\/li>\n<li data-start=\"1877\" data-end=\"1915\">\n<p data-start=\"1879\" data-end=\"1915\"><strong data-start=\"1879\" data-end=\"1901\">Lichtoutput (PPF):<\/strong> 2700 \u03bcmol\/s<\/p>\n<\/li>\n<li data-start=\"1916\" data-end=\"1947\">\n<p data-start=\"1918\" data-end=\"1947\"><strong data-start=\"1918\" data-end=\"1934\">Effici\u00ebntie:<\/strong> 2,7 \u03bcmol\/J<\/p>\n<\/li>\n<li data-start=\"1948\" data-end=\"2000\">\n<p data-start=\"1950\" data-end=\"2000\"><strong data-start=\"1950\" data-end=\"1964\">Lichtbron:<\/strong> 1920x 3500K \/ 90x 660nm LED-chips<\/p>\n<\/li>\n<li data-start=\"2001\" data-end=\"2040\">\n<p data-start=\"2003\" data-end=\"2040\"><strong data-start=\"2003\" data-end=\"2023\">Ingangsspanning:<\/strong> 220\u2013240V, 50Hz<\/p>\n<\/li>\n<li data-start=\"2041\" data-end=\"2085\">\n<p data-start=\"2043\" data-end=\"2085\"><strong data-start=\"2043\" data-end=\"2054\">Driver:<\/strong> Ge\u00efntegreerde Ralight-driver<\/p>\n<\/li>\n<li data-start=\"2086\" data-end=\"2125\">\n<p data-start=\"2088\" data-end=\"2125\"><strong data-start=\"2088\" data-end=\"2103\">Afmetingen:<\/strong> 1100 x 1070 x 38 mm<\/p>\n<\/li>\n<li data-start=\"2126\" data-end=\"2148\">\n<p data-start=\"2128\" data-end=\"2148\"><strong data-start=\"2128\" data-end=\"2140\">Gewicht:<\/strong> 10 kg<\/p>\n<\/li>\n<li data-start=\"2149\" data-end=\"2224\">\n<p data-start=\"2151\" data-end=\"2224\"><strong data-start=\"2151\" data-end=\"2164\">Spectrum:<\/strong> Volledig gebalanceerd \u2013 geschikt voor groei- en bloeifase<\/p>\n<\/li>\n<li data-start=\"2225\" data-end=\"2273\">\n<p data-start=\"2227\" data-end=\"2273\"><strong data-start=\"2227\" data-end=\"2239\">Montage:<\/strong> Geschikt voor meerlagensystemen<\/p>\n<\/li>\n<li data-start=\"2274\" data-end=\"2313\">\n<p data-start=\"2276\" data-end=\"2313\"><strong data-start=\"2276\" data-end=\"2289\">Garantie:<\/strong> 2 jaar fabrieksgarantie<\/p>\n<\/li>\n<\/ul>\n<h2 data-start=\"2320\" data-end=\"2347\">Praktische functies<\/h2>\n<ul data-start=\"2349\" data-end=\"2578\">\n<li data-start=\"2349\" data-end=\"2400\">\n<p data-start=\"2351\" data-end=\"2400\"><strong data-start=\"2351\" data-end=\"2375\">Instelbaar vermogen:<\/strong> 25% \/ 50% \/ 75% \/ 100%<\/p>\n<\/li>\n<li data-start=\"2401\" data-end=\"2453\">\n<p data-start=\"2403\" data-end=\"2453\"><strong data-start=\"2403\" data-end=\"2418\">RJ14-poort:<\/strong> Compatibel met mastercontrollers<\/p>\n<\/li>\n<li data-start=\"2454\" data-end=\"2515\">\n<p data-start=\"2456\" data-end=\"2515\"><strong data-start=\"2456\" data-end=\"2478\">CE-gecertificeerd:<\/strong> Voor veiligheid en betrouwbaarheid<\/p>\n<\/li>\n<li data-start=\"2516\" data-end=\"2578\">\n<p data-start=\"2518\" data-end=\"2578\"><strong data-start=\"2518\" data-end=\"2540\">Opvouwbaar paneel:<\/strong> Eenvoudig te monteren en op te bergen<\/p>\n<\/li>\n<\/ul>\n<h2 data-start=\"2585\" data-end=\"2630\">Maximale prestaties in elke kweektent<\/h2>\n<p data-start=\"2632\" data-end=\"2870\">Bij <strong data-start=\"2636\" data-end=\"2655\">Ralight Holland<\/strong> ontwerpen we kweekverlichting die \u00e9cht resultaat oplevert. Ons krachtige 1000W LED-armatuur is ideaal voor kweektenten van 1,2&#215;1,2 m tot 1,5&#215;1,5 m en combineert effici\u00ebntie en betrouwbaarheid in \u00e9\u00e9n robuust geheel.<\/p>\n<h2 data-start=\"2877\" data-end=\"2921\">Waarom kiezen voor de Ralight 1000W?<\/h2>\n<ul data-start=\"2923\" data-end=\"3262\">\n<li data-start=\"2923\" data-end=\"2990\">\n<p data-start=\"2925\" data-end=\"2990\"><strong data-start=\"2925\" data-end=\"2950\">Optimale warmteafvoer<\/strong> \u2013 Voor een stabiel klimaat in de tent<\/p>\n<\/li>\n<li data-start=\"2991\" data-end=\"3054\">\n<p data-start=\"2993\" data-end=\"3054\"><strong data-start=\"2993\" data-end=\"3018\">Energiezuinig ontwerp<\/strong> \u2013 Lagere kosten, hogere opbrengst<\/p>\n<\/li>\n<li data-start=\"3055\" data-end=\"3123\">\n<p data-start=\"3057\" data-end=\"3123\"><strong data-start=\"3057\" data-end=\"3079\">Compact &amp; krachtig<\/strong> \u2013 Maximale lichtoutput op beperkte ruimte<\/p>\n<\/li>\n<li data-start=\"3124\" data-end=\"3190\">\n<p data-start=\"3126\" data-end=\"3190\"><strong data-start=\"3126\" data-end=\"3152\">Volledig lichtspectrum<\/strong> \u2013 Ondersteunt zowel groei als bloei<\/p>\n<\/li>\n<li data-start=\"3191\" data-end=\"3262\">\n<p data-start=\"3193\" data-end=\"3262\"><strong data-start=\"3193\" data-end=\"3224\">Gemaakt om lang mee te gaan<\/strong> \u2013 Voor intensief en langdurig gebruik<\/p>\n<\/li>\n<\/ul>\n<h2 data-start=\"3269\" data-end=\"3314\"><em>Maximale opbrengst, minimale zorgen: Ralight Holland \u2013 Voor kwekers die resultaat belangrijk vinden.<\/em><\/h2>\n<p><em><img loading=\"lazy\" decoding=\"async\" src=\"https:\/\/cdn.webshopapp.com\/shops\/202850\/files\/477158570\/ralight-led-1000w-8-bars-growlampe.png\" alt=\"Ralight LED 1000W kweeklamp\" width=\"1471\" height=\"2048\" \/><\/em><\/p>\n","protected":false},"excerpt":{"rendered":"<p>De Ralight LED 1000W is een krachtige full-spectrum kweeklamp met 8 balken, ideaal voor kweektenten van 120&#215;120 cm tot 150&#215;150 cm. Energiezuinig, opvouwbaar en CE-gecertificeerd. Voor maximale opbrengst in elke groeifase.<\/p>\n","protected":false},"featured_media":21254,"comment_status":"closed","ping_status":"closed","template":"","meta":{"_acf_changed":false},"product_brand":[352],"product_cat":[922,839,934],"product_tag":[],"product_supplier":[1281],"class_list":{"0":"post-21253","1":"product","2":"type-product","3":"status-publish","4":"has-post-thumbnail","6":"product_brand-ralight","7":"product_cat-led-kweeklampen","8":"product_cat-verlichting","9":"product_cat-ralight-led-kweeklampen","11":"first","12":"instock","13":"sale","14":"taxable","15":"shipping-taxable","16":"purchasable","17":"product-type-simple"},"acf":[],"df_price":275,"df_sale_price":275,"df_regular_price":385,"df_image_link":"https:\/\/www.greentradingxxl.com\/wp-content\/uploads\/2026\/01\/ralight-led-1000w-8-bars-01-300x300.png","_links":{"self":[{"href":"https:\/\/www.greentradingxxl.com\/nl\/wp-json\/wp\/v2\/product\/21253","targetHints":{"allow":["GET"]}}],"collection":[{"href":"https:\/\/www.greentradingxxl.com\/nl\/wp-json\/wp\/v2\/product"}],"about":[{"href":"https:\/\/www.greentradingxxl.com\/nl\/wp-json\/wp\/v2\/types\/product"}],"replies":[{"embeddable":true,"href":"https:\/\/www.greentradingxxl.com\/nl\/wp-json\/wp\/v2\/comments?post=21253"}],"wp:featuredmedia":[{"embeddable":true,"href":"https:\/\/www.greentradingxxl.com\/nl\/wp-json\/wp\/v2\/media\/21254"}],"wp:attachment":[{"href":"https:\/\/www.greentradingxxl.com\/nl\/wp-json\/wp\/v2\/media?parent=21253"}],"wp:term":[{"taxonomy":"product_brand","embeddable":true,"href":"https:\/\/www.greentradingxxl.com\/nl\/wp-json\/wp\/v2\/product_brand?post=21253"},{"taxonomy":"product_cat","embeddable":true,"href":"https:\/\/www.greentradingxxl.com\/nl\/wp-json\/wp\/v2\/product_cat?post=21253"},{"taxonomy":"product_tag","embeddable":true,"href":"https:\/\/www.greentradingxxl.com\/nl\/wp-json\/wp\/v2\/product_tag?post=21253"},{"taxonomy":"product_supplier","embeddable":true,"href":"https:\/\/www.greentradingxxl.com\/nl\/wp-json\/wp\/v2\/product_supplier?post=21253"}],"curies":[{"name":"wp","href":"https:\/\/api.w.org\/{rel}","templated":true}]}}