{"id":23154,"date":"2026-01-15T15:04:04","date_gmt":"2026-01-15T14:04:04","guid":{"rendered":"https:\/\/www.greentradingxxl.com\/product\/uncategorized\/wago-verbindingsklem-5-voudig\/"},"modified":"2026-02-24T16:35:09","modified_gmt":"2026-02-24T15:35:09","slug":"wago-verbindingsklem-5-voudig","status":"publish","type":"product","link":"https:\/\/www.greentradingxxl.com\/nl\/product\/wago-verbindingsklem-5-voudig\/","title":{"rendered":"WAGO verbindingsklemmen 5-voudig"},"content":{"rendered":"<h2 class=\"wg-highlight-teaser__headline\">Hendel open, geleider invoeren, hendel dicht &#8211; klaar!<\/h2>\n<div class=\"wg-highlight-teaser__copy-wrapper\">\n<p>Voordelen van de WAGO verbindingsklemmen van de serie 221 voor geleiderdoorsneden van 0,14 tot 6 mm<sup>2<\/sup>\u00a0en voor alle soorten geleiders:<\/p>\n<ul>\n<li>Installatie van massieve, fijnaderige en meeraderige geleiders<\/li>\n<li>Tijdbesparing voor installateurs en fabrikanten<\/li>\n<li>Snelle installatie van apparaten met een groter benodigd vermogen<\/li>\n<li>Veilige installatie van lange kabels met grotere geleiderdoorsneden<\/li>\n<\/ul>\n<h2 class=\"wg-highlight-teaser__headline\">Bijzonder eenvoudig in gebruik<\/h2>\n<div class=\"wg-highlight-teaser__copy-wrapper\">\n<p>De verbindingsklemmen kunnen bijzonder eenvoudig en snel geopend worden. De hendels van de serie 221 kunnen met weinig moeite worden bediend. Hierdoor kunnen geleiders snel aangesloten worden &#8211; en dat geheel zonder gereedschap! Terwijl u de geleiders aansluit, zorgen de grepen aan de zijkant ervoor dat u de klem eenvoudig en veilig vast kunt houden.<\/p>\n<h2 class=\"wg-highlight-teaser__headline\">Twee testopeningen<\/h2>\n<div class=\"wg-highlight-teaser__copy-wrapper\">\n<p>Bij de klemmen van de serie 221 kunt u de spanning aan twee kanten controleren &#8211; zelfs in gemonteerde toestand. Daar waar het logo van WAGO zichtbaar is, beschikken de klemmen over twee testopeningen: \u00e9\u00e9n testopening vanuit de aansluitrichting en \u00e9\u00e9n testopening aan de tegenoverliggende kant. Dit garandeert comfortabele testomstandigheden, zelfs in gemonteerde toestand en in de meest uiteenlopende installatieomgevingen. Alle uitvoeringen van de klem garanderen een goed contact van alle gangbare meetpennen.<\/p>\n<\/div>\n<\/div>\n<\/div>\n","protected":false},"excerpt":{"rendered":"<p>Hendel open, geleider invoeren, hendel dicht &#8211; klaar! Voordelen van de WAGO verbindingsklemmen van de serie 221 voor geleiderdoorsneden van 0,14 tot 6 mm2\u00a0en voor alle soorten geleiders: Installatie van massieve, fijnaderige en meeraderige geleiders Tijdbesparing voor installateurs en fabrikanten Snelle installatie van apparaten met een groter benodigd vermogen Veilige installatie van lange kabels met [&hellip;]<\/p>\n","protected":false},"featured_media":23156,"comment_status":"closed","ping_status":"closed","template":"","meta":{"_acf_changed":false},"product_brand":[],"product_cat":[898,841],"product_tag":[],"product_supplier":[],"class_list":{"0":"post-23154","1":"product","2":"type-product","3":"status-publish","4":"has-post-thumbnail","6":"product_cat-montagematerialen","7":"product_cat-bouwmaterialen","8":"pa_variant-5-voudig-10-stuks","9":"pa_variant-5-voudig-25-stuks","11":"first","12":"onbackorder","13":"taxable","14":"shipping-taxable","15":"purchasable","16":"product-type-variable","17":"has-default-attributes"},"acf":[],"df_price":7.5,"df_sale_price":"","df_regular_price":7.5,"df_image_link":"https:\/\/www.greentradingxxl.com\/wp-content\/uploads\/2026\/01\/wago-verbindingsklem-03-300x160.jpg","_links":{"self":[{"href":"https:\/\/www.greentradingxxl.com\/nl\/wp-json\/wp\/v2\/product\/23154","targetHints":{"allow":["GET"]}}],"collection":[{"href":"https:\/\/www.greentradingxxl.com\/nl\/wp-json\/wp\/v2\/product"}],"about":[{"href":"https:\/\/www.greentradingxxl.com\/nl\/wp-json\/wp\/v2\/types\/product"}],"replies":[{"embeddable":true,"href":"https:\/\/www.greentradingxxl.com\/nl\/wp-json\/wp\/v2\/comments?post=23154"}],"wp:featuredmedia":[{"embeddable":true,"href":"https:\/\/www.greentradingxxl.com\/nl\/wp-json\/wp\/v2\/media\/23156"}],"wp:attachment":[{"href":"https:\/\/www.greentradingxxl.com\/nl\/wp-json\/wp\/v2\/media?parent=23154"}],"wp:term":[{"taxonomy":"product_brand","embeddable":true,"href":"https:\/\/www.greentradingxxl.com\/nl\/wp-json\/wp\/v2\/product_brand?post=23154"},{"taxonomy":"product_cat","embeddable":true,"href":"https:\/\/www.greentradingxxl.com\/nl\/wp-json\/wp\/v2\/product_cat?post=23154"},{"taxonomy":"product_tag","embeddable":true,"href":"https:\/\/www.greentradingxxl.com\/nl\/wp-json\/wp\/v2\/product_tag?post=23154"},{"taxonomy":"product_supplier","embeddable":true,"href":"https:\/\/www.greentradingxxl.com\/nl\/wp-json\/wp\/v2\/product_supplier?post=23154"}],"curies":[{"name":"wp","href":"https:\/\/api.w.org\/{rel}","templated":true}]}}